{"id":267,"date":"2024-05-16T10:18:44","date_gmt":"2024-05-16T10:18:44","guid":{"rendered":"https:\/\/www.padelbook.it\/market\/?page_id=267"},"modified":"2024-05-16T10:28:41","modified_gmt":"2024-05-16T10:28:41","slug":"faq","status":"publish","type":"page","link":"https:\/\/www.padelbook.it\/market\/faq\/","title":{"rendered":"FAQ"},"content":{"rendered":"<h2>FAQ &#8211; Domande frequenti<\/h2><p>In questa sezione troverai una serie di informazioni e le risposte alle domande pi\u00f9 frequenti, se cos\u00ec non fosse non esitare a contattarci.<\/p>\n<p><\/p>\n\n<style>#sp-ea-268 .spcollapsing { height: 0; overflow: hidden; transition-property: height;transition-duration: 300ms;}#sp-ea-268.sp-easy-accordion>.sp-ea-single {margin-bottom: 10px; border: 1px solid #e2e2e2; }#sp-ea-268.sp-easy-accordion>.sp-ea-single>.ea-header a {color: #444;}#sp-ea-268.sp-easy-accordion>.sp-ea-single>.sp-collapse>.ea-body {background: #fff; color: #444;}#sp-ea-268.sp-easy-accordion>.sp-ea-single {background: #eee;}#sp-ea-268.sp-easy-accordion>.sp-ea-single>.ea-header a .ea-expand-icon { float: left; color: #444;font-size: 16px;}<\/style><div id=\"sp_easy_accordion-1715854091\"><div id=\"sp-ea-268\" class=\"sp-ea-one sp-easy-accordion\" data-ex-icon=\"minus\" data-col-icon=\"plus\"  data-ea-active=\"ea-click\"  data-ea-mode=\"vertical\" data-preloader=\"\" data-scroll-active-item=\"\" data-offset-to-scroll=\"0\"><div class=\"ea-card ea-expand sp-ea-single\"><h3 class=\"ea-header\"><a class=\"collapsed\" id=\"ea-header-2680\" data-sptoggle=\"spcollapse\" data-sptarget=\"#collapse2680\" aria-controls=\"collapse2680\" href=\"javascript:void(0)\"  aria-expanded=\"true\" tabindex=\"0\"><i class=\"ea-expand-icon ea-icon-expand-minus\"><\/i> Chi \u00e8 responsabile per le transazioni effettuate sul sito?<\/a><\/h3><div class=\"sp-collapse spcollapse collapsed show\" id=\"collapse2680\" data-parent=\"#sp-ea-268\" role=\"region\" aria-labelledby=\"ea-header-2680\"><div class=\"ea-body\"><p>La piattaforma funge da intermediario per permettere agli utenti di vendere e acquistare attrezzatura usata per il padel. Non ci assumiamo responsabilit\u00e0 per le transazioni o per il comportamento degli utenti. Ogni transazione \u00e8 condotta a rischio e pericolo degli utenti coinvolti.<\/p>\n<\/div><\/div><\/div><div class=\"ea-card  sp-ea-single\"><h3 class=\"ea-header\"><a class=\"collapsed\" id=\"ea-header-2681\" data-sptoggle=\"spcollapse\" data-sptarget=\"#collapse2681\" aria-controls=\"collapse2681\" href=\"javascript:void(0)\"  aria-expanded=\"false\" tabindex=\"0\"><i class=\"ea-expand-icon ea-icon-expand-plus\"><\/i> La piattaforma controlla le spedizioni dei prodotti venduti?<\/a><\/h3><div class=\"sp-collapse spcollapse \" id=\"collapse2681\" data-parent=\"#sp-ea-268\" role=\"region\" aria-labelledby=\"ea-header-2681\"><div class=\"ea-body\"><p>No, la piattaforma non gestisce n\u00e9 controlla le spedizioni dei prodotti. \u00c8 responsabilit\u00e0 del venditore organizzare la spedizione e garantire che l'articolo raggiunga l'acquirente. Si raccomanda di utilizzare metodi di spedizione tracciabili per maggiore sicurezza.<\/p>\n<\/div><\/div><\/div><div class=\"ea-card  sp-ea-single\"><h3 class=\"ea-header\"><a class=\"collapsed\" id=\"ea-header-2682\" data-sptoggle=\"spcollapse\" data-sptarget=\"#collapse2682\" aria-controls=\"collapse2682\" href=\"javascript:void(0)\"  aria-expanded=\"false\" tabindex=\"0\"><i class=\"ea-expand-icon ea-icon-expand-plus\"><\/i> . Cosa si deve fare in caso di problemi con altri utenti o con una transazione?<\/a><\/h3><div class=\"sp-collapse spcollapse \" id=\"collapse2682\" data-parent=\"#sp-ea-268\" role=\"region\" aria-labelledby=\"ea-header-2682\"><div class=\"ea-body\"><p>In caso di qualsiasi problema, dubbi o irregolarit\u00e0 in una transazione, invitiamo gli utenti a segnalarcelo immediatamente tramite i nostri canali di supporto. Ci impegniamo a investigare le segnalazioni e a prendere le misure appropriate, che possono includere la sospensione o l'eliminazione dell'account dell'utente responsabile.<\/p>\n<\/div><\/div><\/div><div class=\"ea-card  sp-ea-single\"><h3 class=\"ea-header\"><a class=\"collapsed\" id=\"ea-header-2683\" data-sptoggle=\"spcollapse\" data-sptarget=\"#collapse2683\" aria-controls=\"collapse2683\" href=\"javascript:void(0)\"  aria-expanded=\"false\" tabindex=\"0\"><i class=\"ea-expand-icon ea-icon-expand-plus\"><\/i> Come si possono segnalare comportamenti scorretti o annunci sospetti?<\/a><\/h3><div class=\"sp-collapse spcollapse \" id=\"collapse2683\" data-parent=\"#sp-ea-268\" role=\"region\" aria-labelledby=\"ea-header-2683\"><div class=\"ea-body\"><p>Gli utenti possono segnalare comportamenti scorretti o annunci sospetti attraverso il nostro sistema di segnalazione disponibile sulla piattaforma. \u00c8 importante segnalarci immediatamente qualsiasi attivit\u00e0 che sembri violare le nostre politiche o che possa essere fraudolenta.<\/p>\n<\/div><\/div><\/div><div class=\"ea-card  sp-ea-single\"><h3 class=\"ea-header\"><a class=\"collapsed\" id=\"ea-header-2684\" data-sptoggle=\"spcollapse\" data-sptarget=\"#collapse2684\" aria-controls=\"collapse2684\" href=\"javascript:void(0)\"  aria-expanded=\"false\" tabindex=\"0\"><i class=\"ea-expand-icon ea-icon-expand-plus\"><\/i> Quali prodotti possono essere venduti sulla piattaforma?<\/a><\/h3><div class=\"sp-collapse spcollapse \" id=\"collapse2684\" data-parent=\"#sp-ea-268\" role=\"region\" aria-labelledby=\"ea-header-2684\"><div class=\"ea-body\"><p>La piattaforma \u00e8 dedicata esclusivamente alla vendita di attrezzature e accessori legati al mondo del padel. Non saranno accettati o autorizzati annunci per la vendita di prodotti che non sono direttamente correlati a questo sport. Ci riserviamo il diritto di rimuovere annunci non aderenti a questa politica.<\/p>\n<\/div><\/div><\/div><div class=\"ea-card  sp-ea-single\"><h3 class=\"ea-header\"><a class=\"collapsed\" id=\"ea-header-2685\" data-sptoggle=\"spcollapse\" data-sptarget=\"#collapse2685\" aria-controls=\"collapse2685\" href=\"javascript:void(0)\"  aria-expanded=\"false\" tabindex=\"0\"><i class=\"ea-expand-icon ea-icon-expand-plus\"><\/i> Quali sono le regole di comportamento per gli utenti della piattaforma?<\/a><\/h3><div class=\"sp-collapse spcollapse \" id=\"collapse2685\" data-parent=\"#sp-ea-268\" role=\"region\" aria-labelledby=\"ea-header-2685\"><div class=\"ea-body\"><p>Tutti gli utenti sono tenuti a rispettare le norme di buon comportamento e le regole della nostra community. Ci\u00f2 include, ma non \u00e8 limitato a, onest\u00e0, rispetto reciproco e aderenza alle leggi vigenti. Violazioni possono comportare la sospensione o l'eliminazione dell'account.<\/p>\n<\/div><\/div><\/div><div class=\"ea-card  sp-ea-single\"><h3 class=\"ea-header\"><a class=\"collapsed\" id=\"ea-header-2686\" data-sptoggle=\"spcollapse\" data-sptarget=\"#collapse2686\" aria-controls=\"collapse2686\" href=\"javascript:void(0)\"  aria-expanded=\"false\" tabindex=\"0\"><i class=\"ea-expand-icon ea-icon-expand-plus\"><\/i> Cosa accade se un utente viene eliminato dalla piattaforma?<\/a><\/h3><div class=\"sp-collapse spcollapse \" id=\"collapse2686\" data-parent=\"#sp-ea-268\" role=\"region\" aria-labelledby=\"ea-header-2686\"><div class=\"ea-body\"><p>L'eliminazione di un utente dalla piattaforma avviene a nostra discrezione, basata su segnalazioni ricevute o problemi riscontrati negli annunci. Una volta eliminato, l'utente non sar\u00e0 pi\u00f9 in grado di effettuare transazioni o interagire con altri utenti.<\/p>\n<\/div><\/div><\/div><\/div><\/div>\n","protected":false},"excerpt":{"rendered":"<p>FAQ &#8211; Domande frequenti In questa sezione troverai una serie di informazioni e le risposte alle domande pi\u00f9 frequenti, se cos\u00ec non fosse non esitare a contattarci.<\/p>\n","protected":false},"author":1,"featured_media":0,"parent":0,"menu_order":0,"comment_status":"closed","ping_status":"closed","template":"elementor_theme","meta":{"footnotes":""},"class_list":["post-267","page","type-page","status-publish","hentry"],"_links":{"self":[{"href":"https:\/\/www.padelbook.it\/market\/wp-json\/wp\/v2\/pages\/267","targetHints":{"allow":["GET"]}}],"collection":[{"href":"https:\/\/www.padelbook.it\/market\/wp-json\/wp\/v2\/pages"}],"about":[{"href":"https:\/\/www.padelbook.it\/market\/wp-json\/wp\/v2\/types\/page"}],"author":[{"embeddable":true,"href":"https:\/\/www.padelbook.it\/market\/wp-json\/wp\/v2\/users\/1"}],"replies":[{"embeddable":true,"href":"https:\/\/www.padelbook.it\/market\/wp-json\/wp\/v2\/comments?post=267"}],"version-history":[{"count":4,"href":"https:\/\/www.padelbook.it\/market\/wp-json\/wp\/v2\/pages\/267\/revisions"}],"predecessor-version":[{"id":272,"href":"https:\/\/www.padelbook.it\/market\/wp-json\/wp\/v2\/pages\/267\/revisions\/272"}],"wp:attachment":[{"href":"https:\/\/www.padelbook.it\/market\/wp-json\/wp\/v2\/media?parent=267"}],"curies":[{"name":"wp","href":"https:\/\/api.w.org\/{rel}","templated":true}]}}